{"id":2138,"date":"2020-06-25T00:58:06","date_gmt":"2020-06-24T21:58:06","guid":{"rendered":"https:\/\/birtema.com.tr\/birhaber\/?page_id=2138"},"modified":"2020-06-25T00:58:06","modified_gmt":"2020-06-24T21:58:06","slug":"icerik-gonder","status":"publish","type":"page","link":"https:\/\/birtema.net\/birhaber\/icerik-gonder\/","title":{"rendered":"\u0130\u00e7erik G\u00f6nder"},"content":{"rendered":"","protected":false},"excerpt":{"rendered":"","protected":false},"author":1,"featured_media":0,"parent":0,"menu_order":0,"comment_status":"closed","ping_status":"closed","template":"icerik-gonder.php","meta":{"footnotes":""},"_links":{"self":[{"href":"https:\/\/birtema.net\/birhaber\/wp-json\/wp\/v2\/pages\/2138"}],"collection":[{"href":"https:\/\/birtema.net\/birhaber\/wp-json\/wp\/v2\/pages"}],"about":[{"href":"https:\/\/birtema.net\/birhaber\/wp-json\/wp\/v2\/types\/page"}],"author":[{"embeddable":true,"href":"https:\/\/birtema.net\/birhaber\/wp-json\/wp\/v2\/users\/1"}],"replies":[{"embeddable":true,"href":"https:\/\/birtema.net\/birhaber\/wp-json\/wp\/v2\/comments?post=2138"}],"version-history":[{"count":1,"href":"https:\/\/birtema.net\/birhaber\/wp-json\/wp\/v2\/pages\/2138\/revisions"}],"predecessor-version":[{"id":2139,"href":"https:\/\/birtema.net\/birhaber\/wp-json\/wp\/v2\/pages\/2138\/revisions\/2139"}],"wp:attachment":[{"href":"https:\/\/birtema.net\/birhaber\/wp-json\/wp\/v2\/media?parent=2138"}],"curies":[{"name":"wp","href":"https:\/\/api.w.org\/{rel}","templated":true}]}}